{"id":16,"date":"2026-01-10T21:40:53","date_gmt":"2026-01-10T21:40:53","guid":{"rendered":"https:\/\/franzl-music.com\/?page_id=16"},"modified":"2026-03-28T13:25:02","modified_gmt":"2026-03-28T13:25:02","slug":"16-2","status":"publish","type":"page","link":"https:\/\/franzl-music.com\/","title":{"rendered":"Franzl-music"},"content":{"rendered":"\n<figure class=\"wp-block-image size-large\"><img loading=\"lazy\" decoding=\"async\" width=\"1024\" height=\"683\" src=\"https:\/\/franzl-music.com\/wp-content\/uploads\/2026\/01\/2cb6e846-0969-4695-8e04-59f20f83fb6d-1-1024x683.jpeg\" alt=\"\" class=\"wp-image-99\" srcset=\"https:\/\/franzl-music.com\/wp-content\/uploads\/2026\/01\/2cb6e846-0969-4695-8e04-59f20f83fb6d-1-1024x683.jpeg 1024w, https:\/\/franzl-music.com\/wp-content\/uploads\/2026\/01\/2cb6e846-0969-4695-8e04-59f20f83fb6d-1-300x200.jpeg 300w, https:\/\/franzl-music.com\/wp-content\/uploads\/2026\/01\/2cb6e846-0969-4695-8e04-59f20f83fb6d-1-768x512.jpeg 768w, https:\/\/franzl-music.com\/wp-content\/uploads\/2026\/01\/2cb6e846-0969-4695-8e04-59f20f83fb6d-1.jpeg 1536w\" sizes=\"auto, (max-width: 1024px) 100vw, 1024px\" \/><\/figure>\n\n\n\n<p><strong>Stimme und Gitarre&nbsp;<\/strong><\/p>\n\n\n\n<p><em>Musik mit Herz und Seele\u2026<\/em><\/p>\n\n\n\n<p><strong>Willkommen<\/strong>!<\/p>\n\n\n\n<p>Ich bin der Franzl aus der Rh\u00f6n.<\/p>\n\n\n\n<p>Meine Musik ist echt und ehrlich! &#8211; ohne Show, Effekte und unn\u00f6tige Technik. Was z\u00e4hlt ist Ausdruck, Seele und Gef\u00fchl. Meine Wurzeln liegen in der Rh\u00f6n und in B\u00f6hmen &#8211; und aus B\u00f6hmen kommt bekanntlich die Musik!<\/p>\n\n\n\n<p><\/p>\n\n\n\n<p><\/p>\n\n\n\n<figure class=\"wp-block-gallery has-nested-images columns-default is-cropped wp-block-gallery-1 is-layout-flex wp-block-gallery-is-layout-flex\">\n<figure class=\"wp-block-image size-large\"><img loading=\"lazy\" decoding=\"async\" width=\"683\" height=\"1024\" data-id=\"424\" src=\"https:\/\/franzl-music.com\/wp-content\/uploads\/2026\/03\/f124f516-f536-4a60-84b2-1d7ad5a6fbbd-683x1024.jpeg\" alt=\"\" class=\"wp-image-424\" srcset=\"https:\/\/franzl-music.com\/wp-content\/uploads\/2026\/03\/f124f516-f536-4a60-84b2-1d7ad5a6fbbd-683x1024.jpeg 683w, https:\/\/franzl-music.com\/wp-content\/uploads\/2026\/03\/f124f516-f536-4a60-84b2-1d7ad5a6fbbd-200x300.jpeg 200w, https:\/\/franzl-music.com\/wp-content\/uploads\/2026\/03\/f124f516-f536-4a60-84b2-1d7ad5a6fbbd-768x1152.jpeg 768w, https:\/\/franzl-music.com\/wp-content\/uploads\/2026\/03\/f124f516-f536-4a60-84b2-1d7ad5a6fbbd.jpeg 1024w\" sizes=\"auto, (max-width: 683px) 100vw, 683px\" \/><\/figure>\n<\/figure>\n\n\n\n<p><strong>Mehr Informationen: <\/strong><\/p>\n\n\n\n<figure class=\"wp-block-embed is-type-wp-embed is-provider-einbettung wp-block-embed-einbettung\"><div class=\"wp-block-embed__wrapper\">\n<blockquote class=\"wp-embedded-content\" data-secret=\"c5n1w9Hvut\"><a href=\"https:\/\/franzl-music.com\/index.php\/ueber-mich\/\">Konzerte \/ Events<\/a><\/blockquote><iframe loading=\"lazy\" class=\"wp-embedded-content\" sandbox=\"allow-scripts\" security=\"restricted\" style=\"position: absolute; visibility: hidden;\" title=\"&#8222;Konzerte \/ Events&#8220; &#8211; \" src=\"https:\/\/franzl-music.com\/index.php\/ueber-mich\/embed\/#?secret=Vr1G451qkq#?secret=c5n1w9Hvut\" data-secret=\"c5n1w9Hvut\" width=\"500\" height=\"282\" frameborder=\"0\" marginwidth=\"0\" marginheight=\"0\" scrolling=\"no\"><\/iframe>\n<\/div><\/figure>\n\n\n\n<p><\/p>\n","protected":false},"excerpt":{"rendered":"<p>Stimme und Gitarre&nbsp; Musik mit Herz und Seele\u2026 Willkommen! Ich bin der Franzl aus der Rh\u00f6n. Meine Musik ist echt und ehrlich! &#8211; ohne Show, Effekte und unn\u00f6tige Technik. Was [&hellip;]<\/p>\n","protected":false},"author":1,"featured_media":0,"parent":0,"menu_order":0,"comment_status":"closed","ping_status":"closed","template":"","meta":{"_EventAllDay":false,"_EventTimezone":"","_EventStartDate":"","_EventEndDate":"","_EventStartDateUTC":"","_EventEndDateUTC":"","_EventShowMap":false,"_EventShowMapLink":false,"_EventURL":"","_EventCost":"","_EventCostDescription":"","_EventCurrencySymbol":"","_EventCurrencyCode":"","_EventCurrencyPosition":"","_EventDateTimeSeparator":"","_EventTimeRangeSeparator":"","_EventOrganizerID":[],"_EventVenueID":[],"_OrganizerEmail":"","_OrganizerPhone":"","_OrganizerWebsite":"","_VenueAddress":"","_VenueCity":"","_VenueCountry":"","_VenueProvince":"","_VenueState":"","_VenueZip":"","_VenuePhone":"","_VenueURL":"","_VenueStateProvince":"","_VenueLat":"","_VenueLng":"","_VenueShowMap":false,"_VenueShowMapLink":false,"footnotes":""},"class_list":["post-16","page","type-page","status-publish","hentry"],"yoast_head":"<!-- This site is optimized with the Yoast SEO plugin v26.7 - https:\/\/yoast.com\/wordpress\/plugins\/seo\/ -->\n<title>Franzl aus der Rh\u00f6n \u2013 Live Musik &amp; Konzerte in Deutschland<\/title>\n<meta name=\"description\" content=\"Genie\u00dfen Sie die emotionale Musik von Franzl aus der Rh\u00f6n. Live Auftritte, die ohne Effekte f\u00fcr echtes Gef\u00fchl stehen.\" \/>\n<meta name=\"robots\" content=\"index, follow, max-snippet:-1, max-image-preview:large, max-video-preview:-1\" \/>\n<link rel=\"canonical\" href=\"https:\/\/franzl-music.com\/\" \/>\n<meta property=\"og:locale\" content=\"de_DE\" \/>\n<meta property=\"og:type\" content=\"article\" \/>\n<meta property=\"og:title\" content=\"Franzl aus der Rh\u00f6n \u2013 Live Musik &amp; Konzerte in Deutschland\" \/>\n<meta property=\"og:description\" content=\"Genie\u00dfen Sie die emotionale Musik von Franzl aus der Rh\u00f6n. Live Auftritte, die ohne Effekte f\u00fcr echtes Gef\u00fchl stehen.\" \/>\n<meta property=\"og:url\" content=\"https:\/\/franzl-music.com\/\" \/>\n<meta property=\"article:modified_time\" content=\"2026-03-28T13:25:02+00:00\" \/>\n<meta property=\"og:image\" content=\"https:\/\/franzl-music.com\/wp-content\/uploads\/2026\/01\/2cb6e846-0969-4695-8e04-59f20f83fb6d-1.jpeg\" \/>\n\t<meta property=\"og:image:width\" content=\"1536\" \/>\n\t<meta property=\"og:image:height\" content=\"1024\" \/>\n\t<meta property=\"og:image:type\" content=\"image\/jpeg\" \/>\n<meta name=\"twitter:card\" content=\"summary_large_image\" \/>\n<meta name=\"twitter:label1\" content=\"Gesch\u00e4tzte Lesezeit\" \/>\n\t<meta name=\"twitter:data1\" content=\"1\u00a0Minute\" \/>\n<script type=\"application\/ld+json\" class=\"yoast-schema-graph\">{\"@context\":\"https:\/\/schema.org\",\"@graph\":[{\"@type\":\"WebPage\",\"@id\":\"https:\/\/franzl-music.com\/\",\"url\":\"https:\/\/franzl-music.com\/\",\"name\":\"Franzl aus der Rh\u00f6n \u2013 Live Musik & Konzerte in Deutschland\",\"isPartOf\":{\"@id\":\"https:\/\/franzl-music.com\/#website\"},\"primaryImageOfPage\":{\"@id\":\"https:\/\/franzl-music.com\/#primaryimage\"},\"image\":{\"@id\":\"https:\/\/franzl-music.com\/#primaryimage\"},\"thumbnailUrl\":\"https:\/\/franzl-music.com\/wp-content\/uploads\/2026\/01\/2cb6e846-0969-4695-8e04-59f20f83fb6d-1-1024x683.jpeg\",\"datePublished\":\"2026-01-10T21:40:53+00:00\",\"dateModified\":\"2026-03-28T13:25:02+00:00\",\"description\":\"Genie\u00dfen Sie die emotionale Musik von Franzl aus der Rh\u00f6n. Live Auftritte, die ohne Effekte f\u00fcr echtes Gef\u00fchl stehen.\",\"breadcrumb\":{\"@id\":\"https:\/\/franzl-music.com\/#breadcrumb\"},\"inLanguage\":\"de\",\"potentialAction\":[{\"@type\":\"ReadAction\",\"target\":[\"https:\/\/franzl-music.com\/\"]}]},{\"@type\":\"ImageObject\",\"inLanguage\":\"de\",\"@id\":\"https:\/\/franzl-music.com\/#primaryimage\",\"url\":\"https:\/\/franzl-music.com\/wp-content\/uploads\/2026\/01\/2cb6e846-0969-4695-8e04-59f20f83fb6d-1.jpeg\",\"contentUrl\":\"https:\/\/franzl-music.com\/wp-content\/uploads\/2026\/01\/2cb6e846-0969-4695-8e04-59f20f83fb6d-1.jpeg\",\"width\":1536,\"height\":1024},{\"@type\":\"BreadcrumbList\",\"@id\":\"https:\/\/franzl-music.com\/#breadcrumb\",\"itemListElement\":[{\"@type\":\"ListItem\",\"position\":1,\"name\":\"Start\",\"item\":\"https:\/\/franzl-music.com\/\"},{\"@type\":\"ListItem\",\"position\":2,\"name\":\"Konzerte in Deutschland\"}]},{\"@type\":\"WebSite\",\"@id\":\"https:\/\/franzl-music.com\/#website\",\"url\":\"https:\/\/franzl-music.com\/\",\"name\":\"\",\"description\":\"\",\"publisher\":{\"@id\":\"https:\/\/franzl-music.com\/#\/schema\/person\/e139b8d43294814926e84929f531c291\"},\"potentialAction\":[{\"@type\":\"SearchAction\",\"target\":{\"@type\":\"EntryPoint\",\"urlTemplate\":\"https:\/\/franzl-music.com\/?s={search_term_string}\"},\"query-input\":{\"@type\":\"PropertyValueSpecification\",\"valueRequired\":true,\"valueName\":\"search_term_string\"}}],\"inLanguage\":\"de\"},{\"@type\":[\"Person\",\"Organization\"],\"@id\":\"https:\/\/franzl-music.com\/#\/schema\/person\/e139b8d43294814926e84929f531c291\",\"name\":\"admin\",\"image\":{\"@type\":\"ImageObject\",\"inLanguage\":\"de\",\"@id\":\"https:\/\/franzl-music.com\/#\/schema\/person\/image\/\",\"url\":\"https:\/\/secure.gravatar.com\/avatar\/7afc83874508d0ef6e64844fd2deac7a442676fbd59b6c835d27e558cc975c88?s=96&d=mm&r=g\",\"contentUrl\":\"https:\/\/secure.gravatar.com\/avatar\/7afc83874508d0ef6e64844fd2deac7a442676fbd59b6c835d27e558cc975c88?s=96&d=mm&r=g\",\"caption\":\"admin\"},\"logo\":{\"@id\":\"https:\/\/franzl-music.com\/#\/schema\/person\/image\/\"},\"sameAs\":[\"https:\/\/franzl-music.com\"]}]}<\/script>\n<!-- \/ Yoast SEO plugin. -->","yoast_head_json":{"title":"Franzl aus der Rh\u00f6n \u2013 Live Musik & Konzerte in Deutschland","description":"Genie\u00dfen Sie die emotionale Musik von Franzl aus der Rh\u00f6n. Live Auftritte, die ohne Effekte f\u00fcr echtes Gef\u00fchl stehen.","robots":{"index":"index","follow":"follow","max-snippet":"max-snippet:-1","max-image-preview":"max-image-preview:large","max-video-preview":"max-video-preview:-1"},"canonical":"https:\/\/franzl-music.com\/","og_locale":"de_DE","og_type":"article","og_title":"Franzl aus der Rh\u00f6n \u2013 Live Musik & Konzerte in Deutschland","og_description":"Genie\u00dfen Sie die emotionale Musik von Franzl aus der Rh\u00f6n. Live Auftritte, die ohne Effekte f\u00fcr echtes Gef\u00fchl stehen.","og_url":"https:\/\/franzl-music.com\/","article_modified_time":"2026-03-28T13:25:02+00:00","og_image":[{"width":1536,"height":1024,"url":"https:\/\/franzl-music.com\/wp-content\/uploads\/2026\/01\/2cb6e846-0969-4695-8e04-59f20f83fb6d-1.jpeg","type":"image\/jpeg"}],"twitter_card":"summary_large_image","twitter_misc":{"Gesch\u00e4tzte Lesezeit":"1\u00a0Minute"},"schema":{"@context":"https:\/\/schema.org","@graph":[{"@type":"WebPage","@id":"https:\/\/franzl-music.com\/","url":"https:\/\/franzl-music.com\/","name":"Franzl aus der Rh\u00f6n \u2013 Live Musik & Konzerte in Deutschland","isPartOf":{"@id":"https:\/\/franzl-music.com\/#website"},"primaryImageOfPage":{"@id":"https:\/\/franzl-music.com\/#primaryimage"},"image":{"@id":"https:\/\/franzl-music.com\/#primaryimage"},"thumbnailUrl":"https:\/\/franzl-music.com\/wp-content\/uploads\/2026\/01\/2cb6e846-0969-4695-8e04-59f20f83fb6d-1-1024x683.jpeg","datePublished":"2026-01-10T21:40:53+00:00","dateModified":"2026-03-28T13:25:02+00:00","description":"Genie\u00dfen Sie die emotionale Musik von Franzl aus der Rh\u00f6n. Live Auftritte, die ohne Effekte f\u00fcr echtes Gef\u00fchl stehen.","breadcrumb":{"@id":"https:\/\/franzl-music.com\/#breadcrumb"},"inLanguage":"de","potentialAction":[{"@type":"ReadAction","target":["https:\/\/franzl-music.com\/"]}]},{"@type":"ImageObject","inLanguage":"de","@id":"https:\/\/franzl-music.com\/#primaryimage","url":"https:\/\/franzl-music.com\/wp-content\/uploads\/2026\/01\/2cb6e846-0969-4695-8e04-59f20f83fb6d-1.jpeg","contentUrl":"https:\/\/franzl-music.com\/wp-content\/uploads\/2026\/01\/2cb6e846-0969-4695-8e04-59f20f83fb6d-1.jpeg","width":1536,"height":1024},{"@type":"BreadcrumbList","@id":"https:\/\/franzl-music.com\/#breadcrumb","itemListElement":[{"@type":"ListItem","position":1,"name":"Start","item":"https:\/\/franzl-music.com\/"},{"@type":"ListItem","position":2,"name":"Konzerte in Deutschland"}]},{"@type":"WebSite","@id":"https:\/\/franzl-music.com\/#website","url":"https:\/\/franzl-music.com\/","name":"","description":"","publisher":{"@id":"https:\/\/franzl-music.com\/#\/schema\/person\/e139b8d43294814926e84929f531c291"},"potentialAction":[{"@type":"SearchAction","target":{"@type":"EntryPoint","urlTemplate":"https:\/\/franzl-music.com\/?s={search_term_string}"},"query-input":{"@type":"PropertyValueSpecification","valueRequired":true,"valueName":"search_term_string"}}],"inLanguage":"de"},{"@type":["Person","Organization"],"@id":"https:\/\/franzl-music.com\/#\/schema\/person\/e139b8d43294814926e84929f531c291","name":"admin","image":{"@type":"ImageObject","inLanguage":"de","@id":"https:\/\/franzl-music.com\/#\/schema\/person\/image\/","url":"https:\/\/secure.gravatar.com\/avatar\/7afc83874508d0ef6e64844fd2deac7a442676fbd59b6c835d27e558cc975c88?s=96&d=mm&r=g","contentUrl":"https:\/\/secure.gravatar.com\/avatar\/7afc83874508d0ef6e64844fd2deac7a442676fbd59b6c835d27e558cc975c88?s=96&d=mm&r=g","caption":"admin"},"logo":{"@id":"https:\/\/franzl-music.com\/#\/schema\/person\/image\/"},"sameAs":["https:\/\/franzl-music.com"]}]}},"_links":{"self":[{"href":"https:\/\/franzl-music.com\/index.php\/wp-json\/wp\/v2\/pages\/16","targetHints":{"allow":["GET"]}}],"collection":[{"href":"https:\/\/franzl-music.com\/index.php\/wp-json\/wp\/v2\/pages"}],"about":[{"href":"https:\/\/franzl-music.com\/index.php\/wp-json\/wp\/v2\/types\/page"}],"author":[{"embeddable":true,"href":"https:\/\/franzl-music.com\/index.php\/wp-json\/wp\/v2\/users\/1"}],"replies":[{"embeddable":true,"href":"https:\/\/franzl-music.com\/index.php\/wp-json\/wp\/v2\/comments?post=16"}],"version-history":[{"count":58,"href":"https:\/\/franzl-music.com\/index.php\/wp-json\/wp\/v2\/pages\/16\/revisions"}],"predecessor-version":[{"id":425,"href":"https:\/\/franzl-music.com\/index.php\/wp-json\/wp\/v2\/pages\/16\/revisions\/425"}],"wp:attachment":[{"href":"https:\/\/franzl-music.com\/index.php\/wp-json\/wp\/v2\/media?parent=16"}],"curies":[{"name":"wp","href":"https:\/\/api.w.org\/{rel}","templated":true}]}}