{"id":45,"date":"2026-01-11T21:18:22","date_gmt":"2026-01-11T21:18:22","guid":{"rendered":"https:\/\/franzl-music.com\/?page_id=45"},"modified":"2026-01-16T15:32:54","modified_gmt":"2026-01-16T15:32:54","slug":"45-2","status":"publish","type":"page","link":"https:\/\/franzl-music.com\/index.php\/45-2\/","title":{"rendered":"\u00dcber mich"},"content":{"rendered":"\n<p>Wie w\u00e4re es mit einer musikalischen Begegnung, die Herzen ber\u00fchrt und Menschen verbindet\u2753 \ud83c\udfb6\u2764\ufe0f\ud83c\udfb8<\/p>\n\n\n\n<p>Live-Musik mit Gitarre \u2013<br>f\u00fcr Familie, Freunde<br>oder ein sch\u00f6nes Fest in guter Atmosph\u00e4re. Wo Menschen zusammen kommen,<br>ist Musik zu Hause. \ud83c\udfbc\ud83c\udfe1<\/p>\n\n\n\n<p>Entfernungen spielen f\u00fcr mich keine Rolle \u2013 ich komme gerne dorthin, wo gemeinsam gefeiert, gelacht und gesungen wird.<br>Ich singe mit Herz und Seele<br>und am liebsten auch gemeinsam mit Euch.<br>Denn genau das macht jeden Moment lebendig und unvergesslich. \ud83e\udef6\ud83c\udffb<\/p>\n\n\n\n<p>Habt Ihr Lust auf echte Musik als Geschenk f\u00fcr einen besonderen Anlass\u2753<\/p>\n\n\n\n<p>Schreibt mir einfach eine PN \u270d\ud83c\udffb  <\/p>\n\n\n\n<p>rhoen.franzl@gmail.com <\/p>\n\n\n\n<figure class=\"wp-block-gallery has-nested-images columns-default is-cropped wp-block-gallery-1 is-layout-flex wp-block-gallery-is-layout-flex\">\n<figure class=\"wp-block-image size-large\"><img loading=\"lazy\" decoding=\"async\" width=\"1024\" height=\"1024\" data-id=\"57\" src=\"https:\/\/franzl-music.com\/wp-content\/uploads\/2026\/01\/9359BC72-28F5-4E43-814F-375FFF9403EE-1024x1024.jpeg\" alt=\"\" class=\"wp-image-57\" srcset=\"https:\/\/franzl-music.com\/wp-content\/uploads\/2026\/01\/9359BC72-28F5-4E43-814F-375FFF9403EE-1024x1024.jpeg 1024w, https:\/\/franzl-music.com\/wp-content\/uploads\/2026\/01\/9359BC72-28F5-4E43-814F-375FFF9403EE-300x300.jpeg 300w, https:\/\/franzl-music.com\/wp-content\/uploads\/2026\/01\/9359BC72-28F5-4E43-814F-375FFF9403EE-150x150.jpeg 150w, https:\/\/franzl-music.com\/wp-content\/uploads\/2026\/01\/9359BC72-28F5-4E43-814F-375FFF9403EE-768x768.jpeg 768w, https:\/\/franzl-music.com\/wp-content\/uploads\/2026\/01\/9359BC72-28F5-4E43-814F-375FFF9403EE-1536x1536.jpeg 1536w, https:\/\/franzl-music.com\/wp-content\/uploads\/2026\/01\/9359BC72-28F5-4E43-814F-375FFF9403EE.jpeg 2048w\" sizes=\"auto, (max-width: 1024px) 100vw, 1024px\" \/><\/figure>\n<\/figure>\n","protected":false},"excerpt":{"rendered":"<p>Wie w\u00e4re es mit einer musikalischen Begegnung, die Herzen ber\u00fchrt und Menschen verbindet\u2753 \ud83c\udfb6\u2764\ufe0f\ud83c\udfb8 Live-Musik mit Gitarre \u2013f\u00fcr Familie, Freundeoder ein sch\u00f6nes Fest in guter Atmosph\u00e4re. Wo Menschen zusammen kommen,ist [&hellip;]<\/p>\n","protected":false},"author":1,"featured_media":0,"parent":0,"menu_order":0,"comment_status":"closed","ping_status":"closed","template":"","meta":{"_EventAllDay":false,"_EventTimezone":"","_EventStartDate":"","_EventEndDate":"","_EventStartDateUTC":"","_EventEndDateUTC":"","_EventShowMap":false,"_EventShowMapLink":false,"_EventURL":"","_EventCost":"","_EventCostDescription":"","_EventCurrencySymbol":"","_EventCurrencyCode":"","_EventCurrencyPosition":"","_EventDateTimeSeparator":"","_EventTimeRangeSeparator":"","_EventOrganizerID":[],"_EventVenueID":[],"_OrganizerEmail":"","_OrganizerPhone":"","_OrganizerWebsite":"","_VenueAddress":"","_VenueCity":"","_VenueCountry":"","_VenueProvince":"","_VenueState":"","_VenueZip":"","_VenuePhone":"","_VenueURL":"","_VenueStateProvince":"","_VenueLat":"","_VenueLng":"","_VenueShowMap":false,"_VenueShowMapLink":false,"footnotes":""},"class_list":["post-45","page","type-page","status-publish","hentry"],"yoast_head":"<!-- This site is optimized with the Yoast SEO plugin v26.7 - https:\/\/yoast.com\/wordpress\/plugins\/seo\/ -->\n<title>\u00dcber mich -<\/title>\n<meta name=\"robots\" content=\"index, follow, max-snippet:-1, max-image-preview:large, max-video-preview:-1\" \/>\n<link rel=\"canonical\" href=\"https:\/\/franzl-music.com\/index.php\/45-2\/\" \/>\n<meta property=\"og:locale\" content=\"de_DE\" \/>\n<meta property=\"og:type\" content=\"article\" \/>\n<meta property=\"og:title\" content=\"\u00dcber mich -\" \/>\n<meta property=\"og:description\" content=\"Wie w\u00e4re es mit einer musikalischen Begegnung, die Herzen ber\u00fchrt und Menschen verbindet\u2753 \ud83c\udfb6\u2764\ufe0f\ud83c\udfb8 Live-Musik mit Gitarre \u2013f\u00fcr Familie, Freundeoder ein sch\u00f6nes Fest in guter Atmosph\u00e4re. Wo Menschen zusammen kommen,ist [&hellip;]\" \/>\n<meta property=\"og:url\" content=\"https:\/\/franzl-music.com\/index.php\/45-2\/\" \/>\n<meta property=\"article:modified_time\" content=\"2026-01-16T15:32:54+00:00\" \/>\n<meta property=\"og:image\" content=\"https:\/\/franzl-music.com\/wp-content\/uploads\/2026\/01\/9359BC72-28F5-4E43-814F-375FFF9403EE.jpeg\" \/>\n\t<meta property=\"og:image:width\" content=\"2048\" \/>\n\t<meta property=\"og:image:height\" content=\"2048\" \/>\n\t<meta property=\"og:image:type\" content=\"image\/jpeg\" \/>\n<meta name=\"twitter:card\" content=\"summary_large_image\" \/>\n<meta name=\"twitter:label1\" content=\"Gesch\u00e4tzte Lesezeit\" \/>\n\t<meta name=\"twitter:data1\" content=\"1\u00a0Minute\" \/>\n<script type=\"application\/ld+json\" class=\"yoast-schema-graph\">{\"@context\":\"https:\/\/schema.org\",\"@graph\":[{\"@type\":\"WebPage\",\"@id\":\"https:\/\/franzl-music.com\/index.php\/45-2\/\",\"url\":\"https:\/\/franzl-music.com\/index.php\/45-2\/\",\"name\":\"\u00dcber mich -\",\"isPartOf\":{\"@id\":\"https:\/\/franzl-music.com\/#website\"},\"primaryImageOfPage\":{\"@id\":\"https:\/\/franzl-music.com\/index.php\/45-2\/#primaryimage\"},\"image\":{\"@id\":\"https:\/\/franzl-music.com\/index.php\/45-2\/#primaryimage\"},\"thumbnailUrl\":\"https:\/\/franzl-music.com\/wp-content\/uploads\/2026\/01\/9359BC72-28F5-4E43-814F-375FFF9403EE-1024x1024.jpeg\",\"datePublished\":\"2026-01-11T21:18:22+00:00\",\"dateModified\":\"2026-01-16T15:32:54+00:00\",\"breadcrumb\":{\"@id\":\"https:\/\/franzl-music.com\/index.php\/45-2\/#breadcrumb\"},\"inLanguage\":\"de\",\"potentialAction\":[{\"@type\":\"ReadAction\",\"target\":[\"https:\/\/franzl-music.com\/index.php\/45-2\/\"]}]},{\"@type\":\"ImageObject\",\"inLanguage\":\"de\",\"@id\":\"https:\/\/franzl-music.com\/index.php\/45-2\/#primaryimage\",\"url\":\"https:\/\/franzl-music.com\/wp-content\/uploads\/2026\/01\/9359BC72-28F5-4E43-814F-375FFF9403EE.jpeg\",\"contentUrl\":\"https:\/\/franzl-music.com\/wp-content\/uploads\/2026\/01\/9359BC72-28F5-4E43-814F-375FFF9403EE.jpeg\",\"width\":2048,\"height\":2048},{\"@type\":\"BreadcrumbList\",\"@id\":\"https:\/\/franzl-music.com\/index.php\/45-2\/#breadcrumb\",\"itemListElement\":[{\"@type\":\"ListItem\",\"position\":1,\"name\":\"Start\",\"item\":\"https:\/\/franzl-music.com\/\"},{\"@type\":\"ListItem\",\"position\":2,\"name\":\"\u00dcber mich\"}]},{\"@type\":\"WebSite\",\"@id\":\"https:\/\/franzl-music.com\/#website\",\"url\":\"https:\/\/franzl-music.com\/\",\"name\":\"\",\"description\":\"\",\"publisher\":{\"@id\":\"https:\/\/franzl-music.com\/#\/schema\/person\/e139b8d43294814926e84929f531c291\"},\"potentialAction\":[{\"@type\":\"SearchAction\",\"target\":{\"@type\":\"EntryPoint\",\"urlTemplate\":\"https:\/\/franzl-music.com\/?s={search_term_string}\"},\"query-input\":{\"@type\":\"PropertyValueSpecification\",\"valueRequired\":true,\"valueName\":\"search_term_string\"}}],\"inLanguage\":\"de\"},{\"@type\":[\"Person\",\"Organization\"],\"@id\":\"https:\/\/franzl-music.com\/#\/schema\/person\/e139b8d43294814926e84929f531c291\",\"name\":\"admin\",\"image\":{\"@type\":\"ImageObject\",\"inLanguage\":\"de\",\"@id\":\"https:\/\/franzl-music.com\/#\/schema\/person\/image\/\",\"url\":\"https:\/\/secure.gravatar.com\/avatar\/7afc83874508d0ef6e64844fd2deac7a442676fbd59b6c835d27e558cc975c88?s=96&d=mm&r=g\",\"contentUrl\":\"https:\/\/secure.gravatar.com\/avatar\/7afc83874508d0ef6e64844fd2deac7a442676fbd59b6c835d27e558cc975c88?s=96&d=mm&r=g\",\"caption\":\"admin\"},\"logo\":{\"@id\":\"https:\/\/franzl-music.com\/#\/schema\/person\/image\/\"},\"sameAs\":[\"https:\/\/franzl-music.com\"]}]}<\/script>\n<!-- \/ Yoast SEO plugin. -->","yoast_head_json":{"title":"\u00dcber mich -","robots":{"index":"index","follow":"follow","max-snippet":"max-snippet:-1","max-image-preview":"max-image-preview:large","max-video-preview":"max-video-preview:-1"},"canonical":"https:\/\/franzl-music.com\/index.php\/45-2\/","og_locale":"de_DE","og_type":"article","og_title":"\u00dcber mich -","og_description":"Wie w\u00e4re es mit einer musikalischen Begegnung, die Herzen ber\u00fchrt und Menschen verbindet\u2753 \ud83c\udfb6\u2764\ufe0f\ud83c\udfb8 Live-Musik mit Gitarre \u2013f\u00fcr Familie, Freundeoder ein sch\u00f6nes Fest in guter Atmosph\u00e4re. Wo Menschen zusammen kommen,ist [&hellip;]","og_url":"https:\/\/franzl-music.com\/index.php\/45-2\/","article_modified_time":"2026-01-16T15:32:54+00:00","og_image":[{"width":2048,"height":2048,"url":"https:\/\/franzl-music.com\/wp-content\/uploads\/2026\/01\/9359BC72-28F5-4E43-814F-375FFF9403EE.jpeg","type":"image\/jpeg"}],"twitter_card":"summary_large_image","twitter_misc":{"Gesch\u00e4tzte Lesezeit":"1\u00a0Minute"},"schema":{"@context":"https:\/\/schema.org","@graph":[{"@type":"WebPage","@id":"https:\/\/franzl-music.com\/index.php\/45-2\/","url":"https:\/\/franzl-music.com\/index.php\/45-2\/","name":"\u00dcber mich -","isPartOf":{"@id":"https:\/\/franzl-music.com\/#website"},"primaryImageOfPage":{"@id":"https:\/\/franzl-music.com\/index.php\/45-2\/#primaryimage"},"image":{"@id":"https:\/\/franzl-music.com\/index.php\/45-2\/#primaryimage"},"thumbnailUrl":"https:\/\/franzl-music.com\/wp-content\/uploads\/2026\/01\/9359BC72-28F5-4E43-814F-375FFF9403EE-1024x1024.jpeg","datePublished":"2026-01-11T21:18:22+00:00","dateModified":"2026-01-16T15:32:54+00:00","breadcrumb":{"@id":"https:\/\/franzl-music.com\/index.php\/45-2\/#breadcrumb"},"inLanguage":"de","potentialAction":[{"@type":"ReadAction","target":["https:\/\/franzl-music.com\/index.php\/45-2\/"]}]},{"@type":"ImageObject","inLanguage":"de","@id":"https:\/\/franzl-music.com\/index.php\/45-2\/#primaryimage","url":"https:\/\/franzl-music.com\/wp-content\/uploads\/2026\/01\/9359BC72-28F5-4E43-814F-375FFF9403EE.jpeg","contentUrl":"https:\/\/franzl-music.com\/wp-content\/uploads\/2026\/01\/9359BC72-28F5-4E43-814F-375FFF9403EE.jpeg","width":2048,"height":2048},{"@type":"BreadcrumbList","@id":"https:\/\/franzl-music.com\/index.php\/45-2\/#breadcrumb","itemListElement":[{"@type":"ListItem","position":1,"name":"Start","item":"https:\/\/franzl-music.com\/"},{"@type":"ListItem","position":2,"name":"\u00dcber mich"}]},{"@type":"WebSite","@id":"https:\/\/franzl-music.com\/#website","url":"https:\/\/franzl-music.com\/","name":"","description":"","publisher":{"@id":"https:\/\/franzl-music.com\/#\/schema\/person\/e139b8d43294814926e84929f531c291"},"potentialAction":[{"@type":"SearchAction","target":{"@type":"EntryPoint","urlTemplate":"https:\/\/franzl-music.com\/?s={search_term_string}"},"query-input":{"@type":"PropertyValueSpecification","valueRequired":true,"valueName":"search_term_string"}}],"inLanguage":"de"},{"@type":["Person","Organization"],"@id":"https:\/\/franzl-music.com\/#\/schema\/person\/e139b8d43294814926e84929f531c291","name":"admin","image":{"@type":"ImageObject","inLanguage":"de","@id":"https:\/\/franzl-music.com\/#\/schema\/person\/image\/","url":"https:\/\/secure.gravatar.com\/avatar\/7afc83874508d0ef6e64844fd2deac7a442676fbd59b6c835d27e558cc975c88?s=96&d=mm&r=g","contentUrl":"https:\/\/secure.gravatar.com\/avatar\/7afc83874508d0ef6e64844fd2deac7a442676fbd59b6c835d27e558cc975c88?s=96&d=mm&r=g","caption":"admin"},"logo":{"@id":"https:\/\/franzl-music.com\/#\/schema\/person\/image\/"},"sameAs":["https:\/\/franzl-music.com"]}]}},"_links":{"self":[{"href":"https:\/\/franzl-music.com\/index.php\/wp-json\/wp\/v2\/pages\/45","targetHints":{"allow":["GET"]}}],"collection":[{"href":"https:\/\/franzl-music.com\/index.php\/wp-json\/wp\/v2\/pages"}],"about":[{"href":"https:\/\/franzl-music.com\/index.php\/wp-json\/wp\/v2\/types\/page"}],"author":[{"embeddable":true,"href":"https:\/\/franzl-music.com\/index.php\/wp-json\/wp\/v2\/users\/1"}],"replies":[{"embeddable":true,"href":"https:\/\/franzl-music.com\/index.php\/wp-json\/wp\/v2\/comments?post=45"}],"version-history":[{"count":7,"href":"https:\/\/franzl-music.com\/index.php\/wp-json\/wp\/v2\/pages\/45\/revisions"}],"predecessor-version":[{"id":120,"href":"https:\/\/franzl-music.com\/index.php\/wp-json\/wp\/v2\/pages\/45\/revisions\/120"}],"wp:attachment":[{"href":"https:\/\/franzl-music.com\/index.php\/wp-json\/wp\/v2\/media?parent=45"}],"curies":[{"name":"wp","href":"https:\/\/api.w.org\/{rel}","templated":true}]}}